{"id":171,"date":"2018-09-10T09:36:28","date_gmt":"2018-09-10T09:36:28","guid":{"rendered":"https:\/\/veterinaire-jaunet.lu\/acupuncture-et-medecine-traditionnelle-chinoise\/"},"modified":"2018-10-19T08:46:58","modified_gmt":"2018-10-19T08:46:58","slug":"acupuncture-et-medecine-traditionnelle-chinoise","status":"publish","type":"page","link":"https:\/\/veterinaire-jaunet.lu\/de\/acupuncture-et-medecine-traditionnelle-chinoise\/","title":{"rendered":"ACUPUNCTURE ET MEDECINE TRADITIONNELLE CHINOISE"},"content":{"rendered":"<p><span style=\"font-weight: 400;\">L\u2019acupuncture est un des 5 piliers de la MTC avec le Tui-na , la Pharmacop\u00e9e chinoise, la Di\u00e9t\u00e9tique chinoise et le Qi Gong\/Tai Chi. M\u00e9decine ancestrale datant de plus de 4000 ans, c\u2019est une m\u00e9decine holistique qui a pour objectif d\u2019harmoniser la circulation de l\u2019\u00e9nergie, Qi (le souffle en chinois), le long des 12 m\u00e9ridiens d\u2019acupuncture qui parcourent le corps. Les points d\u2019acupuncture assurent la mise en relation entre les organes internes et la surface corporelle. <\/span><\/p>\n<p><span style=\"font-weight: 400;\">Tout d\u00e9s\u00e9quilibre sera \u00e0 l\u2019origine d\u2019une ou plusieurs dysfonctions organiques, et par cons\u00e9quent de l\u2019apparition de maladies. L\u2019acupuncture traite l\u2019ensemble de l\u2019individu et non pas seulement un sympt\u00f4me.<\/span><\/p>\n<p><span style=\"font-weight: 400;\">L\u2019acupuncture utilis\u00e9e seule ou en combinaison\u00a0avec d\u2019autres th\u00e9rapies va aider les patients atteints des affections suivantes\u00a0:<\/span><\/p>\n<ul>\n<li style=\"font-weight: 400;\"><b>Douleur aigu\u00eb ou chronique<\/b><span style=\"font-weight: 400;\">, qu\u2019elle soit d\u2019origine osseuse (arthrose), musculaire, ligamentaire (entorse, tendinite) ou post op\u00e9ratoire.<\/span><\/li>\n<li style=\"font-weight: 400;\"><b>Troubles musculo-squelettiques<\/b><span style=\"font-weight: 400;\"> (ex.\u00a0: dysplasie de la hanche et des coudes, probl\u00e8mes de colonne vert\u00e9brale, ost\u00e9oarthrose\u2026) en diminuant la douleur et les spasmes musculaires.<\/span><\/li>\n<li style=\"font-weight: 400;\"><b>Cancer <\/b><span style=\"font-weight: 400;\">(attention\u00a0: l\u2019acupuncture ne gu\u00e9rit pas le cancer, mais son utilisation vise \u00e0 am\u00e9liorer la qualit\u00e9 de vie du patient).<\/span><\/li>\n<li style=\"font-weight: 400;\"><b>Probl\u00e8mes respiratoires<\/b><span style=\"font-weight: 400;\"> (asthme, pneumonie et maladies du syst\u00e8me respiratoire sup\u00e9rieur)\u00a0en r\u00e9duisant l\u2019inflammation, en facilitant la respiration et en diminuant la toux.<\/span><\/li>\n<li style=\"font-weight: 400;\"><b>Troubles du comportement<\/b><span style=\"font-weight: 400;\"> (anxi\u00e9t\u00e9, phobies et parfois troubles agressifs).<\/span><\/li>\n<li style=\"font-weight: 400;\"><b>Troubles digestifs<\/b><span style=\"font-weight: 400;\"> (diarrh\u00e9e, constipation, m\u00e9gac\u00f4lon, vomissements, r\u00e9duction de la douleur digestive, anorexie\u2026).<\/span><\/li>\n<li style=\"font-weight: 400;\"><b>Maladies cutan\u00e9es<\/b><span style=\"font-weight: 400;\"> (allergies cutan\u00e9es, granulomes de l\u00e9chage\u2026).<\/span><\/li>\n<li style=\"font-weight: 400;\"><b>Troubles neurologiques<\/b><span style=\"font-weight: 400;\"> (\u00e9pilepsie, paralysie d\u2019origine traumatique, hernies discales, maladies d\u00e9g\u00e9n\u00e9ratives, instabilit\u00e9s cervicales\u2026).<\/span><\/li>\n<li style=\"font-weight: 400;\"><b>Maladies endocriniennes<\/b><span style=\"font-weight: 400;\"> (hypothyro\u00efdie, diab\u00e8te\u2026).<\/span><\/li>\n<li style=\"font-weight: 400;\"><b>Maladies des voies urinaires basses<\/b><span style=\"font-weight: 400;\"> (diminuer l\u2019inconfort reli\u00e9 aux cystites, incontinence urinaire et spasmes ur\u00e9traux).<\/span><\/li>\n<li style=\"font-weight: 400;\"><b>Maladies r\u00e9nales<\/b><span style=\"font-weight: 400;\"> (am\u00e9liore l\u2019app\u00e9tit).<\/span><\/li>\n<\/ul>\n<p>&nbsp;<\/p>\n<p>&nbsp;<\/p>\n<h3><b>Est-ce douloureux et comment les animaux r\u00e9agissent-ils?<\/b><\/h3>\n<p><span style=\"font-weight: 400;\">Contrairement \u00e0 ce que plusieurs pourraient penser, l\u2019acupuncture est tr\u00e8s bien tol\u00e9r\u00e9e par les animaux. Il peut y avoir une petite r\u00e9action lors de l\u2019insertion de l\u2019aiguille surtout si l\u2019animal souffre d\u2019un blocage \u00e9nerg\u00e9tique. L\u2019animal va se relaxer la plupart du temps apr\u00e8s l\u2019insertion des aiguilles, et il n\u2019est pas rare qu\u2019il s\u2019endorme en cours de traitement.<\/span><\/p>\n<p><span style=\"font-weight: 400;\">Une consultation d\u2019acupuncture <strong>dure entre 30 et 45 min<\/strong> selon l\u2019animal. La fr\u00e9quence des s\u00e9ances est adapt\u00e9e selon la pathologie aigu\u00eb ou chronique du patient. <\/span><\/p>\n","protected":false},"excerpt":{"rendered":"<p>L\u2019acupuncture est un des 5 piliers de la MTC avec le Tui-na , la Pharmacop\u00e9e chinoise, la Di\u00e9t\u00e9tique chinoise et le Qi Gong\/Tai Chi. M\u00e9decine ancestrale datant de plus de 4000 ans, c\u2019est une m\u00e9decine holistique qui a pour objectif d\u2019harmoniser la circulation de l\u2019\u00e9nergie, Qi (le souffle en chinois), le long des 12 m\u00e9ridiens&hellip;<\/p>\n","protected":false},"author":1,"featured_media":0,"parent":0,"menu_order":0,"comment_status":"closed","ping_status":"closed","template":"","meta":[],"acf":[],"_links":{"self":[{"href":"https:\/\/veterinaire-jaunet.lu\/de\/wp-json\/wp\/v2\/pages\/171"}],"collection":[{"href":"https:\/\/veterinaire-jaunet.lu\/de\/wp-json\/wp\/v2\/pages"}],"about":[{"href":"https:\/\/veterinaire-jaunet.lu\/de\/wp-json\/wp\/v2\/types\/page"}],"author":[{"embeddable":true,"href":"https:\/\/veterinaire-jaunet.lu\/de\/wp-json\/wp\/v2\/users\/1"}],"replies":[{"embeddable":true,"href":"https:\/\/veterinaire-jaunet.lu\/de\/wp-json\/wp\/v2\/comments?post=171"}],"version-history":[{"count":1,"href":"https:\/\/veterinaire-jaunet.lu\/de\/wp-json\/wp\/v2\/pages\/171\/revisions"}],"predecessor-version":[{"id":172,"href":"https:\/\/veterinaire-jaunet.lu\/de\/wp-json\/wp\/v2\/pages\/171\/revisions\/172"}],"wp:attachment":[{"href":"https:\/\/veterinaire-jaunet.lu\/de\/wp-json\/wp\/v2\/media?parent=171"}],"curies":[{"name":"wp","href":"https:\/\/api.w.org\/{rel}","templated":true}]}}