{"id":173,"date":"2018-09-10T14:29:25","date_gmt":"2018-09-10T14:29:25","guid":{"rendered":"https:\/\/veterinaire-jaunet.lu\/apitherapie-ou-les-remedes-de-la-ruche\/"},"modified":"2018-10-19T08:47:11","modified_gmt":"2018-10-19T08:47:11","slug":"apitherapie-ou-les-remedes-de-la-ruche","status":"publish","type":"page","link":"https:\/\/veterinaire-jaunet.lu\/de\/apitherapie-ou-les-remedes-de-la-ruche\/","title":{"rendered":"APITHERAPIE OU LES REMEDES DE LA RUCHE"},"content":{"rendered":"<p><span style=\"font-weight: 400;\">\u00ab Les abeilles ont besoin des fleurs et les fleurs ont besoin des abeilles pour vivre et porter leurs fruits \u00bb a d\u00e9clar\u00e9 le botaniste fran\u00e7ais Gaston Bonnier.<\/span><\/p>\n<p><span style=\"font-weight: 400;\">Il est attribu\u00e9 \u00e0 Albert Einstein que \u00ab si l\u2019abeille venait \u00e0 dispara\u00eetre de la surface du globe, l\u2019homme n\u2019aurait plus que quatre ann\u00e9es \u00e0 vivre \u00bb.<\/span><\/p>\n<p><span style=\"font-weight: 400;\">\u00ab\u00a0Le miel, la gel\u00e9e royale, la propolis et les pollens sont des produits d\u2019origine v\u00e9g\u00e9tale pass\u00e9s entre les mains des abeilles qui par une subtile alchimie les transforme en substances d\u2019une complexit\u00e9 admirable ayant un fort pouvoir th\u00e9rapeutique\u00a0\u00bb Dr Pierre May.<\/span><\/p>\n<p><span style=\"font-weight: 400;\">En m\u00e9decine v\u00e9t\u00e9rinaire, le plus gros usage du <\/span><b>miel <\/b><span style=\"font-weight: 400;\">est son usage externe pour la cicatrisation des plaies, son pouvoir antiseptique et anti-inflammatoire.<\/span><\/p>\n<p><b>Les pollens<\/b><span style=\"font-weight: 400;\"> ont des vertus stimulantes, dynamisantes au niveau immunitaire et probiotiques.<\/span><\/p>\n<p><b>La propolis<\/b><span style=\"font-weight: 400;\"> est une g<\/span><span style=\"font-weight: 400;\">omme r\u00e9sineuse que les abeilles recueillent sur les bourgeons de certains arbres (marronniers, saules,sapins,peupliers\u2026) pour obturer les fentes des ruches, fixer les g\u00e2teaux de cire. C\u2019est un produit tr\u00e8s pr\u00e8cieux qui a de grandes vertus th\u00e9rapeutiques connues depuis l\u2019Egypte ancienne\u00a0: anti-bact\u00e9rienne, anti-fongique, anti-oxydante, anesth\u00e9sique, cicatrisante, h\u00e9mostatique.<\/span><\/p>\n","protected":false},"excerpt":{"rendered":"<p>\u00ab Les abeilles ont besoin des fleurs et les fleurs ont besoin des abeilles pour vivre et porter leurs fruits \u00bb a d\u00e9clar\u00e9 le botaniste fran\u00e7ais Gaston Bonnier. Il est attribu\u00e9 \u00e0 Albert Einstein que \u00ab si l\u2019abeille venait \u00e0 dispara\u00eetre de la surface du globe, l\u2019homme n\u2019aurait plus que quatre ann\u00e9es \u00e0 vivre \u00bb.&hellip;<\/p>\n","protected":false},"author":1,"featured_media":0,"parent":0,"menu_order":0,"comment_status":"closed","ping_status":"closed","template":"","meta":[],"acf":[],"_links":{"self":[{"href":"https:\/\/veterinaire-jaunet.lu\/de\/wp-json\/wp\/v2\/pages\/173"}],"collection":[{"href":"https:\/\/veterinaire-jaunet.lu\/de\/wp-json\/wp\/v2\/pages"}],"about":[{"href":"https:\/\/veterinaire-jaunet.lu\/de\/wp-json\/wp\/v2\/types\/page"}],"author":[{"embeddable":true,"href":"https:\/\/veterinaire-jaunet.lu\/de\/wp-json\/wp\/v2\/users\/1"}],"replies":[{"embeddable":true,"href":"https:\/\/veterinaire-jaunet.lu\/de\/wp-json\/wp\/v2\/comments?post=173"}],"version-history":[{"count":1,"href":"https:\/\/veterinaire-jaunet.lu\/de\/wp-json\/wp\/v2\/pages\/173\/revisions"}],"predecessor-version":[{"id":174,"href":"https:\/\/veterinaire-jaunet.lu\/de\/wp-json\/wp\/v2\/pages\/173\/revisions\/174"}],"wp:attachment":[{"href":"https:\/\/veterinaire-jaunet.lu\/de\/wp-json\/wp\/v2\/media?parent=173"}],"curies":[{"name":"wp","href":"https:\/\/api.w.org\/{rel}","templated":true}]}}