{"id":175,"date":"2018-09-10T14:29:37","date_gmt":"2018-09-10T14:29:37","guid":{"rendered":"https:\/\/veterinaire-jaunet.lu\/dietetique-et-micronutrition\/"},"modified":"2018-10-19T08:47:21","modified_gmt":"2018-10-19T08:47:21","slug":"dietetique-et-micronutrition","status":"publish","type":"page","link":"https:\/\/veterinaire-jaunet.lu\/de\/dietetique-et-micronutrition\/","title":{"rendered":"DIETETIQUE ET MICRONUTRITION"},"content":{"rendered":"<p><b>\u00ab\u00a0Que ton aliment soit ton m\u00e9dicament\u00a0\u00bb<\/b><\/p>\n<p><span style=\"font-weight: 400;\">L\u2019alimentation industrielle a progressivement supplant\u00e9 l\u2019alimentation traditionnelle faite maison. N\u00e9anmoins, la ration m\u00e9nag\u00e8re s\u00e9duit toujours et offre de nombreux avantages sant\u00e9 si elle est bien \u00e9quilibr\u00e9e.<\/span><\/p>\n<p><span style=\"font-weight: 400;\">En collaboration avec le Dr G\u00e9raldine Blanchard sp\u00e9cialiste europ\u00e9en en nutrition animale , nous proposons la cr\u00e9ation de recettes parfaitement \u00e9quilibr\u00e9es mixtes (avec croquettes) ou m\u00e9nag\u00e8res exclusives pour votre chien ou votre chat en pleine sant\u00e9 ou avec une pathologie sp\u00e9cifique ( ob\u00e9sit\u00e9, calculs urinaires, insuffisance r\u00e9nale, allergie alimentaire\u2026)<\/span><\/p>\n<p><b>La micronutrition animale<\/b><span style=\"font-weight: 400;\"> est une approche originale qui choisit\u00a0<\/span><b>d\u2019\u00e9tudier les mol\u00e9cules qui composent l\u2019alimentation des animaux et la fa\u00e7on dont leur organisme les utilise.<\/b><span style=\"font-weight: 400;\">\u00a0<\/span><\/p>\n<p><span style=\"font-weight: 400;\">Probiotiques, stimulation des prot\u00e9ines de stress, vitamines, min\u00e9raux, oligo\u00e9l\u00e9ments, acides gras essentiels.<\/span><\/p>\n<p><span style=\"font-weight: 400;\">Leur incorporation judicieuse est un v\u00e9ritable atout Sant\u00e9 pour votre animal de compagnie.<\/span><\/p>\n<p><span style=\"font-weight: 400;\">La recherche ne cesse de faire des progr\u00e8s dans le monde animal pour pouvoir prescrire les meilleurs compl\u00e9ments adapt\u00e9s \u00e0 la flore digestive sp\u00e9cifique de nos carnivores et herbivores.<\/span><\/p>\n","protected":false},"excerpt":{"rendered":"<p>\u00ab\u00a0Que ton aliment soit ton m\u00e9dicament\u00a0\u00bb L\u2019alimentation industrielle a progressivement supplant\u00e9 l\u2019alimentation traditionnelle faite maison. N\u00e9anmoins, la ration m\u00e9nag\u00e8re s\u00e9duit toujours et offre de nombreux avantages sant\u00e9 si elle est bien \u00e9quilibr\u00e9e. En collaboration avec le Dr G\u00e9raldine Blanchard sp\u00e9cialiste europ\u00e9en en nutrition animale , nous proposons la cr\u00e9ation de recettes parfaitement \u00e9quilibr\u00e9es mixtes (avec&hellip;<\/p>\n","protected":false},"author":1,"featured_media":0,"parent":0,"menu_order":0,"comment_status":"closed","ping_status":"closed","template":"","meta":[],"acf":[],"_links":{"self":[{"href":"https:\/\/veterinaire-jaunet.lu\/de\/wp-json\/wp\/v2\/pages\/175"}],"collection":[{"href":"https:\/\/veterinaire-jaunet.lu\/de\/wp-json\/wp\/v2\/pages"}],"about":[{"href":"https:\/\/veterinaire-jaunet.lu\/de\/wp-json\/wp\/v2\/types\/page"}],"author":[{"embeddable":true,"href":"https:\/\/veterinaire-jaunet.lu\/de\/wp-json\/wp\/v2\/users\/1"}],"replies":[{"embeddable":true,"href":"https:\/\/veterinaire-jaunet.lu\/de\/wp-json\/wp\/v2\/comments?post=175"}],"version-history":[{"count":1,"href":"https:\/\/veterinaire-jaunet.lu\/de\/wp-json\/wp\/v2\/pages\/175\/revisions"}],"predecessor-version":[{"id":176,"href":"https:\/\/veterinaire-jaunet.lu\/de\/wp-json\/wp\/v2\/pages\/175\/revisions\/176"}],"wp:attachment":[{"href":"https:\/\/veterinaire-jaunet.lu\/de\/wp-json\/wp\/v2\/media?parent=175"}],"curies":[{"name":"wp","href":"https:\/\/api.w.org\/{rel}","templated":true}]}}