{"id":177,"date":"2018-09-10T14:28:33","date_gmt":"2018-09-10T14:28:33","guid":{"rendered":"https:\/\/veterinaire-jaunet.lu\/gestion-de-la-douleur\/"},"modified":"2018-10-19T08:47:39","modified_gmt":"2018-10-19T08:47:39","slug":"gestion-de-la-douleur","status":"publish","type":"page","link":"https:\/\/veterinaire-jaunet.lu\/de\/gestion-de-la-douleur\/","title":{"rendered":"GESTION DE LA DOULEUR"},"content":{"rendered":"<p><span style=\"font-weight: 400;\">La douleur est une exp\u00e9rience d\u00e9sagr\u00e9able, per\u00e7ue \u00e0 la suite d\u2018un traumatisme, d\u2019une blessure ou dans le cadre d\u2019une maladie chronique.<\/span><\/p>\n<p><span style=\"font-weight: 400;\">M\u00eame s\u2019ils ne l\u2019expriment pas tous de la m\u00eame fa\u00e7on, m\u00eame s\u2019ils ne montrent que peu de signes, tous les animaux, quel que soit leur \u00e2ge, ressentent la douleur avec une intensit\u00e9 et un d\u00e9sarroi comparable \u00e0 celui des humains.<\/span><\/p>\n<p><b>Traiter la douleur \u00e0 temps est essentiel pour que celle-ci ne s\u2019installe pas dans le temps, ne s\u2019amplifie pas, et ne devienne pas une maladie en soi, qui modifie alors durablement le syst\u00e8me nerveux de l\u2019animal.<\/b><\/p>\n<p><span style=\"font-weight: 400;\">En tant que v\u00e9t\u00e9rinaires, nous avons \u00e0 coeur de pr\u00e9venir et soulager les souffrances des animaux qui nous sont confi\u00e9s.<\/span><\/p>\n<p><span style=\"font-weight: 400;\">Dans le cadre du Cabinet VetCare, nous souhaitons optimiser la prise en charge de la douleur par les techniques pharmacologiques (Analg\u00e9sie raisonn\u00e9e et adapt\u00e9e \u00e0 chaque animal), les bioth\u00e9rapies et les techniques non pharmacologiques.<\/span><\/p>\n<p><b>Une consultation \u00ab\u00a0douleur\u00a0\u00bb<\/b><span style=\"font-weight: 400;\"> donnera la possibilit\u00e9 d\u2019\u00e9valuer le niveau de douleur de votre animal et de proposer les meilleures solutions pour la combattre et am\u00e9liorer ainsi sa qualit\u00e9 de vie.<\/span><\/p>\n<p>&nbsp;<\/p>\n","protected":false},"excerpt":{"rendered":"<p>La douleur est une exp\u00e9rience d\u00e9sagr\u00e9able, per\u00e7ue \u00e0 la suite d\u2018un traumatisme, d\u2019une blessure ou dans le cadre d\u2019une maladie chronique. M\u00eame s\u2019ils ne l\u2019expriment pas tous de la m\u00eame fa\u00e7on, m\u00eame s\u2019ils ne montrent que peu de signes, tous les animaux, quel que soit leur \u00e2ge, ressentent la douleur avec une intensit\u00e9 et un&hellip;<\/p>\n","protected":false},"author":1,"featured_media":0,"parent":0,"menu_order":0,"comment_status":"closed","ping_status":"closed","template":"","meta":[],"acf":[],"_links":{"self":[{"href":"https:\/\/veterinaire-jaunet.lu\/de\/wp-json\/wp\/v2\/pages\/177"}],"collection":[{"href":"https:\/\/veterinaire-jaunet.lu\/de\/wp-json\/wp\/v2\/pages"}],"about":[{"href":"https:\/\/veterinaire-jaunet.lu\/de\/wp-json\/wp\/v2\/types\/page"}],"author":[{"embeddable":true,"href":"https:\/\/veterinaire-jaunet.lu\/de\/wp-json\/wp\/v2\/users\/1"}],"replies":[{"embeddable":true,"href":"https:\/\/veterinaire-jaunet.lu\/de\/wp-json\/wp\/v2\/comments?post=177"}],"version-history":[{"count":1,"href":"https:\/\/veterinaire-jaunet.lu\/de\/wp-json\/wp\/v2\/pages\/177\/revisions"}],"predecessor-version":[{"id":178,"href":"https:\/\/veterinaire-jaunet.lu\/de\/wp-json\/wp\/v2\/pages\/177\/revisions\/178"}],"wp:attachment":[{"href":"https:\/\/veterinaire-jaunet.lu\/de\/wp-json\/wp\/v2\/media?parent=177"}],"curies":[{"name":"wp","href":"https:\/\/api.w.org\/{rel}","templated":true}]}}