{"id":179,"date":"2018-09-10T14:29:02","date_gmt":"2018-09-10T14:29:02","guid":{"rendered":"https:\/\/veterinaire-jaunet.lu\/laromatherapie\/"},"modified":"2018-10-19T08:51:52","modified_gmt":"2018-10-19T08:51:52","slug":"laromatherapie","status":"publish","type":"page","link":"https:\/\/veterinaire-jaunet.lu\/de\/laromatherapie\/","title":{"rendered":"AROMATHERAPIE"},"content":{"rendered":"<p>Die Aromatherapie ist die Verwendung von chemotypischen \u00e4therischen \u00d6len (dh \u00d6le von bekannter chemischer Zusammensetzung), um eine zus\u00e4tzliche, vorbeugende oder kurative Behandlung anzubieten.<\/p>\n<p>Seit Jahrtausenden werden aromatische Pflanzen von verschiedenen Zivilisationen verwendet. Ihre ersten Verwendungen waren in Form von Tee oder Sud, dann wurden sie verbrannt oder in einem Pflanzen\u00f6l gel\u00f6st oder mazeriert. Schlie\u00dflich hat man versucht, \u201e\u00e4therisches \u00d6l\u201c zu extrahieren und die Methoden der modernen Analyse erm\u00f6glichen es heute, die verschiedenen Komponenten von \u00e4therischen \u00d6len vollst\u00e4ndig zu bestimmen und die Besonderheiten und Wirkweisen jedes einzelnen zu verstehen.<\/p>\n<p>Aufgrund seiner gro\u00dfen biochemischen Komplexit\u00e4t ( es besteht im Durchschnitt aus etwa hundert verschiedenen biochemischen Verbindungen )ist es unm\u00f6glich, im Labor ein \u00e4therisches \u00d6l k\u00fcnstlich herzustellen. Diese setzen sich aus 14 Familien zusammen : (Phenole,Terpenalkohole, aromatische Aldehyde, Terpenaldehyde, Terpene,Sesquiterpene,Sesquiter, Methyl\u00e4therphenole, Ester, Oxide, Lactone, Cumarine, Phtalide,\u2026)<\/p>\n<p>Diese biochemischen Familien haben alle unterschiedliche spezifische Eigenschaften (antibakterielle, antimykotische, antivirale, antiparasit\u00e4re, Immunstimulans, Anti-katarrhalische, entz\u00fcndungshemmende &#8230;). Nat\u00fcrlich hat jedes \u00e4therische \u00d6l nur einen Teil und einen Prozentsatz dieser Wirkweisen. Es ist somit m\u00f6glich, mehrere \u00e4therische \u00d6le miteinander zu verbinden, um eine Synergie zu erhalten, d.h. ein \u00d6l vervollst\u00e4ndigt und verst\u00e4rkt die Wirkweise eines anderen.<\/p>\n<p>Um eine optimales Ergebnis zu erzielen, w\u00e4hlt man das \u00e4therische \u00d6l entsprechend der Wirkweise, die man haben m\u00f6chte. Man muss die Dosierung, die Art der Verabreichung und die m\u00f6glichen Verd\u00fcnnungen in einer Mischung kennen.<br \/>\n\u00c4therische \u00d6le haben den Vorteil, keine Resistenz oder Sucht zu erzeugen.<\/p>\n<p>Wir m\u00fcssen jedoch wegen ihrer Wirksamkeit und ihrer potenziellen Toxizit\u00e4t vorsichtig sein bei unseren Haustieren <strong>(Vorsicht bei Katzen)<\/strong>.<br \/>\nFragen Sie einen erfahrenen Tierarzt um Rat, bevor Sie \u00e4therische \u00d6le an Ihrem Haustier anwenden.<\/p>\n","protected":false},"excerpt":{"rendered":"<p>Die Aromatherapie ist die Verwendung von chemotypischen \u00e4therischen \u00d6len (dh \u00d6le von bekannter chemischer Zusammensetzung), um eine zus\u00e4tzliche, vorbeugende oder kurative Behandlung anzubieten. Seit Jahrtausenden werden aromatische Pflanzen von verschiedenen Zivilisationen verwendet. Ihre ersten Verwendungen waren in Form von Tee oder Sud, dann wurden sie verbrannt oder in einem Pflanzen\u00f6l gel\u00f6st oder mazeriert. Schlie\u00dflich hat&hellip;<\/p>\n","protected":false},"author":1,"featured_media":0,"parent":0,"menu_order":0,"comment_status":"closed","ping_status":"closed","template":"","meta":[],"acf":[],"_links":{"self":[{"href":"https:\/\/veterinaire-jaunet.lu\/de\/wp-json\/wp\/v2\/pages\/179"}],"collection":[{"href":"https:\/\/veterinaire-jaunet.lu\/de\/wp-json\/wp\/v2\/pages"}],"about":[{"href":"https:\/\/veterinaire-jaunet.lu\/de\/wp-json\/wp\/v2\/types\/page"}],"author":[{"embeddable":true,"href":"https:\/\/veterinaire-jaunet.lu\/de\/wp-json\/wp\/v2\/users\/1"}],"replies":[{"embeddable":true,"href":"https:\/\/veterinaire-jaunet.lu\/de\/wp-json\/wp\/v2\/comments?post=179"}],"version-history":[{"count":3,"href":"https:\/\/veterinaire-jaunet.lu\/de\/wp-json\/wp\/v2\/pages\/179\/revisions"}],"predecessor-version":[{"id":188,"href":"https:\/\/veterinaire-jaunet.lu\/de\/wp-json\/wp\/v2\/pages\/179\/revisions\/188"}],"wp:attachment":[{"href":"https:\/\/veterinaire-jaunet.lu\/de\/wp-json\/wp\/v2\/media?parent=179"}],"curies":[{"name":"wp","href":"https:\/\/api.w.org\/{rel}","templated":true}]}}