{"id":183,"date":"2018-09-10T14:28:18","date_gmt":"2018-09-10T14:28:18","guid":{"rendered":"https:\/\/veterinaire-jaunet.lu\/osteopathie\/"},"modified":"2018-10-19T08:49:14","modified_gmt":"2018-10-19T08:49:14","slug":"osteopathie","status":"publish","type":"page","link":"https:\/\/veterinaire-jaunet.lu\/de\/osteopathie\/","title":{"rendered":"Osteopathie"},"content":{"rendered":"<p><span style=\"font-weight: 400;\">M\u00e9decine manuelle qui permet par diff\u00e9rentes techniques non douloureuses de diagnostiquer, lib\u00e9rer des tensions d\u2019ordre articulaire, musculaire ou visc\u00e9ral qui participent \u00e0 l\u2019apparition des maladies.<\/span><\/p>\n<p><span style=\"font-weight: 400;\">Pour le diagnostic, on utilise diverses techniques de palpation et d\u2019\u00e9coute manuelle pour mettre en \u00e9vidence des \u00ab\u00a0blocages\u00a0\u00bb ou restrictions de mobilit\u00e9. Pour le traitement, on dispose de techniques de manipulation directe \u00ab\u00a0structurelle\u00a0\u00bb ou indirecte \u00ab\u00a0fluidique\u00a0\u00bb selon l\u2019organe ou le tissu affect\u00e9 et selon l\u2019acceptation du patient.<\/span><\/p>\n<p><span style=\"font-weight: 400;\">Une s\u00e9ance d\u2019ost\u00e9opathie est tr\u00e8s relaxante, beaucoup d\u2019animaux s\u2019endorment sur la table de massage.<\/span><\/p>\n<p><span style=\"font-weight: 400;\">L\u2019ost\u00e9opathie utilis\u00e9e seule ou en combinaison\u00a0avec d\u2019autres th\u00e9rapies va aider les patients atteints des affections suivantes\u00a0:<\/span><\/p>\n<ul>\n<li style=\"font-weight: 400;\"><b>Troubles locomoteurs\u00a0<\/b><span style=\"font-weight: 400;\">: boiterie, arthrose, douleurs dorsales, faiblesse de l&#8217;arri\u00e8re-train, douleurs articulaires, dysplasie&#8230;<\/span><\/li>\n<li style=\"font-weight: 400;\"><b>Troubles digestifs\u00a0<\/b><span style=\"font-weight: 400;\">: vomissements, diarrh\u00e9e, constipation, manque d&#8217;app\u00e9tit, gastrite, ent\u00e9rite, probl\u00e8mes de digestion&#8230; et notamment lorsque ces troubles sont chroniques.<\/span><\/li>\n<li style=\"font-weight: 400;\"><b>Troubles g\u00e9nitaux\u00a0<\/b><span style=\"font-weight: 400;\">: infertilit\u00e9, absence ou irr\u00e9gularit\u00e9 des chaleurs, kystes ovariens&#8230;<\/span><\/li>\n<li style=\"font-weight: 400;\"><b>Troubles urinaires\u00a0<\/b><span style=\"font-weight: 400;\">: incontinence urinaire, insuffisance r\u00e9nale&#8230;<\/span><\/li>\n<li style=\"font-weight: 400;\"><b>Troubles respiratoires\u00a0<\/b><span style=\"font-weight: 400;\">: toux, coryza, sinusite&#8230;<\/span><\/li>\n<li style=\"font-weight: 400;\"><b>Troubles dermatologiques\u00a0<\/b><span style=\"font-weight: 400;\">: otites \u00e0 r\u00e9p\u00e9tition, allergies, dermatoses chroniques, plaies de l\u00e9chage&#8230;<\/span><\/li>\n<li style=\"font-weight: 400;\"><b>Troubles du comportement\u00a0<\/b><span style=\"font-weight: 400;\">: hyperactivit\u00e9, manque d&#8217;enthousiasme, irritabilit\u00e9,\u00a0manque d&#8217;app\u00e9tit&#8230;<\/span><\/li>\n<li style=\"font-weight: 400;\"><b>Troubles neurologiques\u00a0<\/b><span style=\"font-weight: 400;\">: crises \u00e9pileptiformes, pertes de rep\u00e8re&#8230;<\/span><\/li>\n<li style=\"font-weight: 400;\"><b>Apr\u00e8s une chirurgie\u00a0<\/b><span style=\"font-weight: 400;\">: chirurgie orthop\u00e9dique ou des tissus mous pour une meilleure r\u00e9cup\u00e9ration et une meilleure cicatrisation<\/span><\/li>\n<li style=\"font-weight: 400;\"><b>Apr\u00e8s un traumatisme, un accident<\/b><\/li>\n<li style=\"font-weight: 400;\"><b>Pour les animaux sportifs\u00a0<\/b><span style=\"font-weight: 400;\">: raideurs, performances diminu\u00e9es ou pour garder un niveau au top<\/span><\/li>\n<li style=\"font-weight: 400;\"><b>Mais aussi quand tout va bien !<\/b><span style=\"font-weight: 400;\">\u00a0L&#8217;ost\u00e9opathie est aussi une m\u00e9decine pr\u00e9ventive pour r\u00e9\u00e9quilibrer l&#8217;organisme afin de limiter l&#8217;apparition de compensation et donc de pathologie.<\/span><\/li>\n<\/ul>\n<p><span style=\"font-weight: 400;\">La consultation d\u2019ost\u00e9opathie <strong>dure entre 45min et 1h.<\/strong> La fr\u00e9quence est adapt\u00e9e en fonction de la pathologie.<\/span><\/p>\n<p><span style=\"font-weight: 400;\">Votre v\u00e9t\u00e9rinaire vous proposera particuli\u00e8rement l\u2019ost\u00e9opathie lorsque les examens d\u2019imagerie r\u00e9v\u00e8lent une affection dont le traitement n\u2019est pas chirurgical ou lorsqu\u2019ils ne permettent pas de mat\u00e9rialiser les sympt\u00f4mes observ\u00e9s<\/span><span style=\"font-weight: 400;\">.<\/span><\/p>\n","protected":false},"excerpt":{"rendered":"<p>M\u00e9decine manuelle qui permet par diff\u00e9rentes techniques non douloureuses de diagnostiquer, lib\u00e9rer des tensions d\u2019ordre articulaire, musculaire ou visc\u00e9ral qui participent \u00e0 l\u2019apparition des maladies. Pour le diagnostic, on utilise diverses techniques de palpation et d\u2019\u00e9coute manuelle pour mettre en \u00e9vidence des \u00ab\u00a0blocages\u00a0\u00bb ou restrictions de mobilit\u00e9. Pour le traitement, on dispose de techniques de&hellip;<\/p>\n","protected":false},"author":1,"featured_media":0,"parent":0,"menu_order":0,"comment_status":"closed","ping_status":"closed","template":"","meta":[],"acf":[],"_links":{"self":[{"href":"https:\/\/veterinaire-jaunet.lu\/de\/wp-json\/wp\/v2\/pages\/183"}],"collection":[{"href":"https:\/\/veterinaire-jaunet.lu\/de\/wp-json\/wp\/v2\/pages"}],"about":[{"href":"https:\/\/veterinaire-jaunet.lu\/de\/wp-json\/wp\/v2\/types\/page"}],"author":[{"embeddable":true,"href":"https:\/\/veterinaire-jaunet.lu\/de\/wp-json\/wp\/v2\/users\/1"}],"replies":[{"embeddable":true,"href":"https:\/\/veterinaire-jaunet.lu\/de\/wp-json\/wp\/v2\/comments?post=183"}],"version-history":[{"count":1,"href":"https:\/\/veterinaire-jaunet.lu\/de\/wp-json\/wp\/v2\/pages\/183\/revisions"}],"predecessor-version":[{"id":184,"href":"https:\/\/veterinaire-jaunet.lu\/de\/wp-json\/wp\/v2\/pages\/183\/revisions\/184"}],"wp:attachment":[{"href":"https:\/\/veterinaire-jaunet.lu\/de\/wp-json\/wp\/v2\/media?parent=183"}],"curies":[{"name":"wp","href":"https:\/\/api.w.org\/{rel}","templated":true}]}}