{"id":185,"date":"2018-09-10T14:28:50","date_gmt":"2018-09-10T14:28:50","guid":{"rendered":"https:\/\/veterinaire-jaunet.lu\/phytotherapie\/"},"modified":"2018-10-19T09:02:06","modified_gmt":"2018-10-19T09:02:06","slug":"phytotherapie","status":"publish","type":"page","link":"https:\/\/veterinaire-jaunet.lu\/de\/phytotherapie\/","title":{"rendered":"PHYTOTHERAPIE"},"content":{"rendered":"<p>Die Verwendung von Heilpflanzen ist nicht neu &#8230; Seit Jahrtausenden haben die Menschen sich selbst und ihre Tiere mit Pflanzen. Die moderne Lebensart hat uns vergessen lassen, wie wir nat\u00fcrlich heilen k\u00f6nnen. Das Wissen \u00fcber Pflanzen und konventionelle Drogenallopathie erlaubt uns, die beste, effektivste und am wenigsten toxische Behandlung zu w\u00e4hlen.<\/p>\n<p>Die Forschung in der Kr\u00e4utermedizin ist Gegenstand vieler Analysen und Ver\u00f6ffentlichungen einschlie\u00dflich der Veterin\u00e4rmedizin, und erlaubt uns  heutzutage, dem Tier qualitativ hochwertige und nicht toxische Produkte in verschiedenen Formen zu verabreichen.<\/p>\n<p>Die Verabreichung erfolgt in Form von EPS-Sirups (Fl\u00fcssigextrakte von standardisierten Frischpflanzen) oder Tabletten, Pulvern oder appetitanregenden Pasten.<\/p>\n<p>Der grosse Vorteil liegt in der synergistischen Wirkung, die Vorteile mehrerer Pflanzen miteinander zu kombinieren. Dieses Vorgehen erm\u00f6glicht uns, die Dosierung jeder Pflanze durch Erh\u00f6hung der therapeutischen Wirkung und Verringerung des Toxizit\u00e4tsrisikos zu reduzieren.<\/p>\n<p>In der  Zeit der Resistenz von Bakterien gegen\u00fcber Antibiotika bei Menschen und Tieren ist es notwendig, sich auf Kr\u00e4utermedizin, Aromatherapie und darin erfahrene Tier\u00e4rzte zu konzentrieren, die ein Hauptakteur in der Tier- und \u00f6ffentlichen Gesundheit sind.<\/p>\n<p>Wir setzen Pflanzenextrakte, aber auch andere Stoffe pflanzlichen oder mineralischen Ursprungs ein, die therapeutisch interessant (Knospenmazerate (Gemmotherapie), medizinische Algen, usw.) und leicht verabreichter sind.<\/p>\n","protected":false},"excerpt":{"rendered":"<p>Die Verwendung von Heilpflanzen ist nicht neu &#8230; Seit Jahrtausenden haben die Menschen sich selbst und ihre Tiere mit Pflanzen. Die moderne Lebensart hat uns vergessen lassen, wie wir nat\u00fcrlich heilen k\u00f6nnen. Das Wissen \u00fcber Pflanzen und konventionelle Drogenallopathie erlaubt uns, die beste, effektivste und am wenigsten toxische Behandlung zu w\u00e4hlen. Die Forschung in der&hellip;<\/p>\n","protected":false},"author":1,"featured_media":0,"parent":0,"menu_order":0,"comment_status":"closed","ping_status":"closed","template":"","meta":[],"acf":[],"_links":{"self":[{"href":"https:\/\/veterinaire-jaunet.lu\/de\/wp-json\/wp\/v2\/pages\/185"}],"collection":[{"href":"https:\/\/veterinaire-jaunet.lu\/de\/wp-json\/wp\/v2\/pages"}],"about":[{"href":"https:\/\/veterinaire-jaunet.lu\/de\/wp-json\/wp\/v2\/types\/page"}],"author":[{"embeddable":true,"href":"https:\/\/veterinaire-jaunet.lu\/de\/wp-json\/wp\/v2\/users\/1"}],"replies":[{"embeddable":true,"href":"https:\/\/veterinaire-jaunet.lu\/de\/wp-json\/wp\/v2\/comments?post=185"}],"version-history":[{"count":3,"href":"https:\/\/veterinaire-jaunet.lu\/de\/wp-json\/wp\/v2\/pages\/185\/revisions"}],"predecessor-version":[{"id":192,"href":"https:\/\/veterinaire-jaunet.lu\/de\/wp-json\/wp\/v2\/pages\/185\/revisions\/192"}],"wp:attachment":[{"href":"https:\/\/veterinaire-jaunet.lu\/de\/wp-json\/wp\/v2\/media?parent=185"}],"curies":[{"name":"wp","href":"https:\/\/api.w.org\/{rel}","templated":true}]}}